{"id":3807,"date":"2019-06-04T12:53:17","date_gmt":"2019-06-04T12:53:17","guid":{"rendered":"https:\/\/desico.fi\/media\/"},"modified":"2020-11-17T11:20:11","modified_gmt":"2020-11-17T11:20:11","slug":"media","status":"publish","type":"page","link":"https:\/\/desico.fi\/en\/media\/","title":{"rendered":"Media"},"content":{"rendered":"<div class=\"row row-collapse row-full-width\"  id=\"row-1337298137\">\n\n\t<div id=\"col-635318252\" class=\"col small-12 large-12\"  data-animate=\"fadeInUp\">\n\t\t\t\t<div class=\"col-inner\"  >\n\t\t\t\n\t\t\t\n\t<div class=\"img has-hover x md-x lg-x y md-y lg-y\" id=\"image_1137425192\">\n\t\t\t\t\t\t\t\t<div class=\"img-inner dark\" >\n\t\t\t<img loading=\"lazy\" decoding=\"async\" width=\"2041\" height=\"958\" src=\"https:\/\/desico.fi\/wp-content\/uploads\/2019\/03\/desico-test-1.jpg\" class=\"attachment-original size-original\" alt=\"\" srcset=\"https:\/\/desico.fi\/wp-content\/uploads\/2019\/03\/desico-test-1.jpg 2041w, https:\/\/desico.fi\/wp-content\/uploads\/2019\/03\/desico-test-1-510x239.jpg 510w, https:\/\/desico.fi\/wp-content\/uploads\/2019\/03\/desico-test-1-300x141.jpg 300w, https:\/\/desico.fi\/wp-content\/uploads\/2019\/03\/desico-test-1-768x360.jpg 768w, https:\/\/desico.fi\/wp-content\/uploads\/2019\/03\/desico-test-1-1024x481.jpg 1024w, https:\/\/desico.fi\/wp-content\/uploads\/2019\/03\/desico-test-1-450x211.jpg 450w\" sizes=\"auto, (max-width: 2041px) 100vw, 2041px\" \/>\t\t\t\t\t\t\n\t\t\t\t\t<\/div>\n\t\t\t\t\t\t\t\t\n<style>\n#image_1137425192 {\n  width: 100%;\n}\n<\/style>\n\t<\/div>\n\t\n\t\t<\/div>\n\t\t\t\t\t<\/div>\n\n\t\n<\/div>\n\n\t<section class=\"section\" id=\"section_1129283383\">\n\t\t<div class=\"section-bg fill\" >\n\t\t\t\t\t\t\t\t\t\n\t\t\t\n\n\t\t<\/div>\n\n\t\t\n\n\t\t<div class=\"section-content relative\">\n\t\t\t\n\t<div id=\"gap-784070275\" class=\"gap-element clearfix\" style=\"display:block; height:auto;\">\n\t\t\n<style>\n#gap-784070275 {\n  padding-top: 20px;\n}\n<\/style>\n\t<\/div>\n\t\n<div class=\"row\"  id=\"row-1386232551\">\n\n\t<div id=\"col-1369334295\" class=\"col small-12 large-12\"  >\n\t\t\t\t<div class=\"col-inner\"  >\n\t\t\t\n\t\t\t\n\n\t\t<div class=\"tabbed-content category-tabs\">\n\t\t\t\n\t\t\t<ul class=\"nav nav-line-bottom nav-uppercase nav-size-small nav-center\" role=\"tablist\"><li id=\"tab-milj\u00d6\u00d6kuvat\" class=\"tab active has-icon\" role=\"presentation\"><a href=\"#tab_milj\u00d6\u00d6kuvat\" role=\"tab\" aria-selected=\"true\" aria-controls=\"tab_milj\u00d6\u00d6kuvat\"><span>MILJ\u00d6\u00d6KUVAT<\/span><\/a><\/li>\n<li id=\"tab-tuotekuvat\" class=\"tab has-icon\" role=\"presentation\"><a href=\"#tab_tuotekuvat\" tabindex=\"-1\" role=\"tab\" aria-selected=\"false\" aria-controls=\"tab_tuotekuvat\"><span>TUOTEKUVAT<\/span><\/a><\/li>\n<li id=\"tab-tiedotteet\" class=\"tab has-icon\" role=\"presentation\"><a href=\"#tab_tiedotteet\" tabindex=\"-1\" role=\"tab\" aria-selected=\"false\" aria-controls=\"tab_tiedotteet\"><span>TIEDOTTEET<\/span><\/a><\/li><\/ul><div class=\"tab-panels\"><div id=\"tab_milj\u00d6\u00d6kuvat\" class=\"panel active entry-content\" role=\"tabpanel\" aria-labelledby=\"tab-milj\u00d6\u00d6kuvat\">\n\n  \n    <div class=\"row large-columns-4 medium-columns-3 small-columns-2\" >\n  <div class=\"gallery-col col\" >\n          <div class=\"col-inner\">\n                        <div class=\"box has-hover gallery-box box-default\">\n              <div class=\"box-image\" >\n                <img loading=\"lazy\" decoding=\"async\" width=\"231\" height=\"300\" src=\"https:\/\/desico.fi\/wp-content\/uploads\/2019\/06\/desico-candles-blue-preview-231x300.jpg\" class=\"attachment-medium size-medium\" alt=\"\" ids=\"1573,1594,1588,1595\" style=\"default\" lightbox=\"false\" text_align=\"center\" srcset=\"https:\/\/desico.fi\/wp-content\/uploads\/2019\/06\/desico-candles-blue-preview-231x300.jpg 231w, https:\/\/desico.fi\/wp-content\/uploads\/2019\/06\/desico-candles-blue-preview-510x663.jpg 510w, https:\/\/desico.fi\/wp-content\/uploads\/2019\/06\/desico-candles-blue-preview-768x998.jpg 768w, https:\/\/desico.fi\/wp-content\/uploads\/2019\/06\/desico-candles-blue-preview-788x1024.jpg 788w, https:\/\/desico.fi\/wp-content\/uploads\/2019\/06\/desico-candles-blue-preview.jpg 1000w\" sizes=\"auto, (max-width: 231px) 100vw, 231px\" \/>                                                              <\/div>\n              <div class=\"box-text text-center\" >\n                 <p>Desico: Kynttil\u00e4valikoima \/ <a href=\"https:\/\/desico.fi\/wp-content\/uploads\/2019\/06\/desico-candles-blue.tif\">Download<\/a><\/p>\n              <\/div>\n            <\/div>\n                      <\/div>\n         <\/div><div class=\"gallery-col col\" >\n          <div class=\"col-inner\">\n                        <div class=\"box has-hover gallery-box box-default\">\n              <div class=\"box-image\" >\n                <img loading=\"lazy\" decoding=\"async\" width=\"300\" height=\"231\" src=\"https:\/\/desico.fi\/wp-content\/uploads\/2019\/06\/desico-factory-preview-300x231.jpg\" class=\"attachment-medium size-medium\" alt=\"\" ids=\"1573,1594,1588,1595\" style=\"default\" lightbox=\"false\" text_align=\"center\" srcset=\"https:\/\/desico.fi\/wp-content\/uploads\/2019\/06\/desico-factory-preview-300x231.jpg 300w, https:\/\/desico.fi\/wp-content\/uploads\/2019\/06\/desico-factory-preview-510x393.jpg 510w, https:\/\/desico.fi\/wp-content\/uploads\/2019\/06\/desico-factory-preview-768x591.jpg 768w, https:\/\/desico.fi\/wp-content\/uploads\/2019\/06\/desico-factory-preview-1024x788.jpg 1024w, https:\/\/desico.fi\/wp-content\/uploads\/2019\/06\/desico-factory-preview.jpg 1299w\" sizes=\"auto, (max-width: 300px) 100vw, 300px\" \/>                                                              <\/div>\n              <div class=\"box-text text-center\" >\n                 <p>Desico: Fiskarsin tehdas \/ <a href=\"https:\/\/desico.fi\/wp-content\/uploads\/2019\/06\/desico-factory.tif\">Download<\/a><\/p>\n              <\/div>\n            <\/div>\n                      <\/div>\n         <\/div><div class=\"gallery-col col\" >\n          <div class=\"col-inner\">\n                        <div class=\"box has-hover gallery-box box-default\">\n              <div class=\"box-image\" >\n                <img loading=\"lazy\" decoding=\"async\" width=\"300\" height=\"300\" src=\"https:\/\/desico.fi\/wp-content\/uploads\/2019\/06\/desico-factory-candles-preview-300x300.jpg\" class=\"attachment-medium size-medium\" alt=\"\" ids=\"1573,1594,1588,1595\" style=\"default\" lightbox=\"false\" text_align=\"center\" srcset=\"https:\/\/desico.fi\/wp-content\/uploads\/2019\/06\/desico-factory-candles-preview-300x300.jpg 300w, https:\/\/desico.fi\/wp-content\/uploads\/2019\/06\/desico-factory-candles-preview-100x100.jpg 100w, https:\/\/desico.fi\/wp-content\/uploads\/2019\/06\/desico-factory-candles-preview-510x510.jpg 510w, https:\/\/desico.fi\/wp-content\/uploads\/2019\/06\/desico-factory-candles-preview-150x150.jpg 150w, https:\/\/desico.fi\/wp-content\/uploads\/2019\/06\/desico-factory-candles-preview-768x768.jpg 768w, https:\/\/desico.fi\/wp-content\/uploads\/2019\/06\/desico-factory-candles-preview.jpg 1000w\" sizes=\"auto, (max-width: 300px) 100vw, 300px\" \/>                                                              <\/div>\n              <div class=\"box-text text-center\" >\n                 <p>Desico: Fiskarsin tehdas \/ <a href=\"https:\/\/desico.fi\/wp-content\/uploads\/2019\/06\/desico-factory-candles.tif\">Download<\/a><\/p>\n              <\/div>\n            <\/div>\n                      <\/div>\n         <\/div><div class=\"gallery-col col\" >\n          <div class=\"col-inner\">\n                        <div class=\"box has-hover gallery-box box-default\">\n              <div class=\"box-image\" >\n                <img loading=\"lazy\" decoding=\"async\" width=\"206\" height=\"300\" src=\"https:\/\/desico.fi\/wp-content\/uploads\/2019\/06\/desico-puhdas-itameri-preview-206x300.jpg\" class=\"attachment-medium size-medium\" alt=\"\" ids=\"1573,1594,1588,1595\" style=\"default\" lightbox=\"false\" text_align=\"center\" srcset=\"https:\/\/desico.fi\/wp-content\/uploads\/2019\/06\/desico-puhdas-itameri-preview-206x300.jpg 206w, https:\/\/desico.fi\/wp-content\/uploads\/2019\/06\/desico-puhdas-itameri-preview-510x744.jpg 510w, https:\/\/desico.fi\/wp-content\/uploads\/2019\/06\/desico-puhdas-itameri-preview-702x1024.jpg 702w, https:\/\/desico.fi\/wp-content\/uploads\/2019\/06\/desico-puhdas-itameri-preview.jpg 750w\" sizes=\"auto, (max-width: 206px) 100vw, 206px\" \/>                                                              <\/div>\n              <div class=\"box-text text-center\" >\n                 <p>Desico: Puhdas It\u00e4meri -kynttil\u00e4t \/ <a href=\"https:\/\/desico.fi\/wp-content\/uploads\/2019\/06\/Desico_Baltic_sea_001.tif\">Download<\/a><\/p>\n              <\/div>\n            <\/div>\n                      <\/div>\n         <\/div><\/div>\n<\/div>\n<div id=\"tab_tuotekuvat\" class=\"panel entry-content\" role=\"tabpanel\" aria-labelledby=\"tab-tuotekuvat\">\n\n  \n    <div class=\"row large-columns-4 medium-columns-3 small-columns-2\" >\n  <div class=\"gallery-col col\" >\n          <div class=\"col-inner\">\n                        <div class=\"box has-hover gallery-box box-default\">\n              <div class=\"box-image\" >\n                <img loading=\"lazy\" decoding=\"async\" width=\"231\" height=\"300\" src=\"https:\/\/desico.fi\/wp-content\/uploads\/2019\/06\/kirkkaansininen-231x300.jpg\" class=\"attachment-medium size-medium\" alt=\"\" ids=\"1669,1665,1663,1664,1662,1661\" style=\"default\" lightbox=\"false\" text_align=\"center\" srcset=\"https:\/\/desico.fi\/wp-content\/uploads\/2019\/06\/kirkkaansininen-231x300.jpg 231w, https:\/\/desico.fi\/wp-content\/uploads\/2019\/06\/kirkkaansininen-510x663.jpg 510w, https:\/\/desico.fi\/wp-content\/uploads\/2019\/06\/kirkkaansininen-768x998.jpg 768w, https:\/\/desico.fi\/wp-content\/uploads\/2019\/06\/kirkkaansininen-788x1024.jpg 788w, https:\/\/desico.fi\/wp-content\/uploads\/2019\/06\/kirkkaansininen.jpg 1000w\" sizes=\"auto, (max-width: 231px) 100vw, 231px\" \/>                                                              <\/div>\n              <div class=\"box-text text-center\" >\n                 <p>Desico: Puhdas It\u00e4meri -p\u00f6yt\u00e4kynttil\u00e4: kirkkaansininen 10cm \/ <a href=\"https:\/\/desico.fi\/wp-content\/uploads\/2019\/06\/desico-itameri.kirkkaansininen.tif\">Download<\/a><\/p>\n              <\/div>\n            <\/div>\n                      <\/div>\n         <\/div><div class=\"gallery-col col\" >\n          <div class=\"col-inner\">\n                        <div class=\"box has-hover gallery-box box-default\">\n              <div class=\"box-image\" >\n                <img loading=\"lazy\" decoding=\"async\" width=\"231\" height=\"300\" src=\"https:\/\/desico.fi\/wp-content\/uploads\/2019\/06\/desico-itameri-vaaleanturkoosi-231x300.jpg\" class=\"attachment-medium size-medium\" alt=\"\" ids=\"1669,1665,1663,1664,1662,1661\" style=\"default\" lightbox=\"false\" text_align=\"center\" srcset=\"https:\/\/desico.fi\/wp-content\/uploads\/2019\/06\/desico-itameri-vaaleanturkoosi-231x300.jpg 231w, https:\/\/desico.fi\/wp-content\/uploads\/2019\/06\/desico-itameri-vaaleanturkoosi-510x663.jpg 510w, https:\/\/desico.fi\/wp-content\/uploads\/2019\/06\/desico-itameri-vaaleanturkoosi-768x998.jpg 768w, https:\/\/desico.fi\/wp-content\/uploads\/2019\/06\/desico-itameri-vaaleanturkoosi-788x1024.jpg 788w, https:\/\/desico.fi\/wp-content\/uploads\/2019\/06\/desico-itameri-vaaleanturkoosi.jpg 1000w\" sizes=\"auto, (max-width: 231px) 100vw, 231px\" \/>                                                              <\/div>\n              <div class=\"box-text text-center\" >\n                 <p>Desico: Puhdas It\u00e4meri -p\u00f6yt\u00e4kynttil\u00e4: vaaleanturkoosi 10cm \/ <a href=\"https:\/\/desico.fi\/wp-content\/uploads\/2019\/06\/desico-itameri-vaaleanturkoosi.tif\">Download<\/a><\/p>\n              <\/div>\n            <\/div>\n                      <\/div>\n         <\/div><div class=\"gallery-col col\" >\n          <div class=\"col-inner\">\n                        <div class=\"box has-hover gallery-box box-default\">\n              <div class=\"box-image\" >\n                <img loading=\"lazy\" decoding=\"async\" width=\"231\" height=\"300\" src=\"https:\/\/desico.fi\/wp-content\/uploads\/2019\/06\/desico-itameri-turkoosi-231x300.jpg\" class=\"attachment-medium size-medium\" alt=\"\" ids=\"1669,1665,1663,1664,1662,1661\" style=\"default\" lightbox=\"false\" text_align=\"center\" srcset=\"https:\/\/desico.fi\/wp-content\/uploads\/2019\/06\/desico-itameri-turkoosi-231x300.jpg 231w, https:\/\/desico.fi\/wp-content\/uploads\/2019\/06\/desico-itameri-turkoosi-510x663.jpg 510w, https:\/\/desico.fi\/wp-content\/uploads\/2019\/06\/desico-itameri-turkoosi-768x998.jpg 768w, https:\/\/desico.fi\/wp-content\/uploads\/2019\/06\/desico-itameri-turkoosi-788x1024.jpg 788w, https:\/\/desico.fi\/wp-content\/uploads\/2019\/06\/desico-itameri-turkoosi.jpg 1000w\" sizes=\"auto, (max-width: 231px) 100vw, 231px\" \/>                                                              <\/div>\n              <div class=\"box-text text-center\" >\n                 <p>Desico: Puhdas It\u00e4meri -p\u00f6yt\u00e4kynttil\u00e4: turkoosi 10cm \/ <a href=\"https:\/\/desico.fi\/wp-content\/uploads\/2019\/06\/desico-itameri-turkoosi.tif\">Download<\/a><\/p>\n              <\/div>\n            <\/div>\n                      <\/div>\n         <\/div><div class=\"gallery-col col\" >\n          <div class=\"col-inner\">\n                        <div class=\"box has-hover gallery-box box-default\">\n              <div class=\"box-image\" >\n                <img loading=\"lazy\" decoding=\"async\" width=\"231\" height=\"300\" src=\"https:\/\/desico.fi\/wp-content\/uploads\/2019\/06\/desico-itameri-vaaleansininen-231x300.jpg\" class=\"attachment-medium size-medium\" alt=\"\" ids=\"1669,1665,1663,1664,1662,1661\" style=\"default\" lightbox=\"false\" text_align=\"center\" srcset=\"https:\/\/desico.fi\/wp-content\/uploads\/2019\/06\/desico-itameri-vaaleansininen-231x300.jpg 231w, https:\/\/desico.fi\/wp-content\/uploads\/2019\/06\/desico-itameri-vaaleansininen-510x663.jpg 510w, https:\/\/desico.fi\/wp-content\/uploads\/2019\/06\/desico-itameri-vaaleansininen-768x998.jpg 768w, https:\/\/desico.fi\/wp-content\/uploads\/2019\/06\/desico-itameri-vaaleansininen-788x1024.jpg 788w, https:\/\/desico.fi\/wp-content\/uploads\/2019\/06\/desico-itameri-vaaleansininen.jpg 1000w\" sizes=\"auto, (max-width: 231px) 100vw, 231px\" \/>                                                              <\/div>\n              <div class=\"box-text text-center\" >\n                 <p>Desico: Puhdas It\u00e4meri -p\u00f6yt\u00e4kynttil\u00e4: vaaleansininen 10cm \/ <a href=\"https:\/\/desico.fi\/wp-content\/uploads\/2019\/06\/desico-itameri-vaaleansininen.tif\">Download<\/a><\/p>\n              <\/div>\n            <\/div>\n                      <\/div>\n         <\/div><div class=\"gallery-col col\" >\n          <div class=\"col-inner\">\n                        <div class=\"box has-hover gallery-box box-default\">\n              <div class=\"box-image\" >\n                <img loading=\"lazy\" decoding=\"async\" width=\"231\" height=\"300\" src=\"https:\/\/desico.fi\/wp-content\/uploads\/2019\/06\/desico-itameri-tummanturkoosi1-231x300.jpg\" class=\"attachment-medium size-medium\" alt=\"\" ids=\"1669,1665,1663,1664,1662,1661\" style=\"default\" lightbox=\"false\" text_align=\"center\" srcset=\"https:\/\/desico.fi\/wp-content\/uploads\/2019\/06\/desico-itameri-tummanturkoosi1-231x300.jpg 231w, https:\/\/desico.fi\/wp-content\/uploads\/2019\/06\/desico-itameri-tummanturkoosi1-510x663.jpg 510w, https:\/\/desico.fi\/wp-content\/uploads\/2019\/06\/desico-itameri-tummanturkoosi1-768x998.jpg 768w, https:\/\/desico.fi\/wp-content\/uploads\/2019\/06\/desico-itameri-tummanturkoosi1-788x1024.jpg 788w, https:\/\/desico.fi\/wp-content\/uploads\/2019\/06\/desico-itameri-tummanturkoosi1.jpg 1000w\" sizes=\"auto, (max-width: 231px) 100vw, 231px\" \/>                                                              <\/div>\n              <div class=\"box-text text-center\" >\n                 <p>Desico: Puhdas It\u00e4meri -p\u00f6yt\u00e4kynttil\u00e4: tummanturkoosi 10cm \/ <a href=\"https:\/\/desico.fi\/wp-content\/uploads\/2019\/06\/desico-itameri-tummanturkoosi.tif\">Download<\/a><\/p>\n              <\/div>\n            <\/div>\n                      <\/div>\n         <\/div><div class=\"gallery-col col\" >\n          <div class=\"col-inner\">\n                        <div class=\"box has-hover gallery-box box-default\">\n              <div class=\"box-image\" >\n                <img loading=\"lazy\" decoding=\"async\" width=\"231\" height=\"300\" src=\"https:\/\/desico.fi\/wp-content\/uploads\/2019\/06\/desico-itameri-tummansininen-231x300.jpg\" class=\"attachment-medium size-medium\" alt=\"\" ids=\"1669,1665,1663,1664,1662,1661\" style=\"default\" lightbox=\"false\" text_align=\"center\" srcset=\"https:\/\/desico.fi\/wp-content\/uploads\/2019\/06\/desico-itameri-tummansininen-231x300.jpg 231w, https:\/\/desico.fi\/wp-content\/uploads\/2019\/06\/desico-itameri-tummansininen-510x663.jpg 510w, https:\/\/desico.fi\/wp-content\/uploads\/2019\/06\/desico-itameri-tummansininen-768x998.jpg 768w, https:\/\/desico.fi\/wp-content\/uploads\/2019\/06\/desico-itameri-tummansininen-788x1024.jpg 788w, https:\/\/desico.fi\/wp-content\/uploads\/2019\/06\/desico-itameri-tummansininen.jpg 1000w\" sizes=\"auto, (max-width: 231px) 100vw, 231px\" \/>                                                              <\/div>\n              <div class=\"box-text text-center\" >\n                 <p>Desico: Puhdas It\u00e4meri -p\u00f6yt\u00e4kynttil\u00e4: tummansininen 10cm \/ <a href=\"https:\/\/desico.fi\/wp-content\/uploads\/2019\/06\/desico-itameri-tummansininen.tif\">Download<\/a><\/p>\n              <\/div>\n            <\/div>\n                      <\/div>\n         <\/div><\/div>\n<\/div>\n<div id=\"tab_tiedotteet\" class=\"panel entry-content\" role=\"tabpanel\" aria-labelledby=\"tab-tiedotteet\">\n<p>4.6.2019: Desicon Puhdas It\u00e4meri -kynttil\u00f6iden tuotolla tehd\u00e4\u00e4n ty\u00f6t\u00e4 puhtaamman It\u00e4meren puolesta: <a href=\"https:\/\/desico.fi\/wp-content\/uploads\/2019\/06\/Desico\u2013tiedote_PuhdasItameri_060619.pdf\">Lataa tiedote<\/a><\/p>\n<\/div><\/div><\/div>\n\t\t<\/div>\n\t\t\t\t\t<\/div>\n\n\t\n<\/div>\n\t<div id=\"gap-469486071\" class=\"gap-element clearfix\" style=\"display:block; height:auto;\">\n\t\t\n<style>\n#gap-469486071 {\n  padding-top: 40px;\n}\n<\/style>\n\t<\/div>\n\t\n\t\t<\/div>\n\n\t\t\n<style>\n#section_1129283383 {\n  padding-top: 30px;\n  padding-bottom: 30px;\n  background-color: rgb(248, 246, 247);\n}\n<\/style>\n\t<\/section>\n\t\n","protected":false},"excerpt":{"rendered":"","protected":false},"author":5,"featured_media":0,"parent":0,"menu_order":0,"comment_status":"closed","ping_status":"closed","template":"page-blank.php","meta":{"footnotes":""},"class_list":["post-3807","page","type-page","status-publish","hentry"],"_links":{"self":[{"href":"https:\/\/desico.fi\/en\/wp-json\/wp\/v2\/pages\/3807","targetHints":{"allow":["GET"]}}],"collection":[{"href":"https:\/\/desico.fi\/en\/wp-json\/wp\/v2\/pages"}],"about":[{"href":"https:\/\/desico.fi\/en\/wp-json\/wp\/v2\/types\/page"}],"author":[{"embeddable":true,"href":"https:\/\/desico.fi\/en\/wp-json\/wp\/v2\/users\/5"}],"replies":[{"embeddable":true,"href":"https:\/\/desico.fi\/en\/wp-json\/wp\/v2\/comments?post=3807"}],"version-history":[{"count":1,"href":"https:\/\/desico.fi\/en\/wp-json\/wp\/v2\/pages\/3807\/revisions"}],"predecessor-version":[{"id":3808,"href":"https:\/\/desico.fi\/en\/wp-json\/wp\/v2\/pages\/3807\/revisions\/3808"}],"wp:attachment":[{"href":"https:\/\/desico.fi\/en\/wp-json\/wp\/v2\/media?parent=3807"}],"curies":[{"name":"wp","href":"https:\/\/api.w.org\/{rel}","templated":true}]}}